{"id":25,"date":"2023-06-23T03:48:07","date_gmt":"2023-06-23T03:48:07","guid":{"rendered":"https:\/\/wphix.com\/wp\/portx\/?page_id=25"},"modified":"2024-09-30T10:44:07","modified_gmt":"2024-09-30T07:44:07","slug":"hakkimizda","status":"publish","type":"page","link":"https:\/\/beylerbeyitur.com\/index.php\/hakkimizda\/","title":{"rendered":"Hakk\u0131m\u0131zda"},"content":{"rendered":"\t\t<div data-elementor-type=\"wp-page\" data-elementor-id=\"25\" class=\"elementor elementor-25\">\n\t\t\t\t\t\t<section class=\"elementor-section elementor-top-section elementor-element elementor-element-e666a0c elementor-section-full_width elementor-section-height-default elementor-section-height-default\" data-id=\"e666a0c\" data-element_type=\"section\">\n\t\t\t\t\t\t<div class=\"elementor-container elementor-column-gap-no\">\n\t\t\t\t\t<div class=\"elementor-column elementor-col-100 elementor-top-column elementor-element elementor-element-ee99a58\" data-id=\"ee99a58\" data-element_type=\"column\">\n\t\t\t<div class=\"elementor-widget-wrap elementor-element-populated\">\n\t\t\t\t\t\t<div class=\"elementor-element elementor-element-cf1f258 elementor-widget elementor-widget-about\" data-id=\"cf1f258\" data-element_type=\"widget\" data-widget_type=\"about.default\">\n\t\t\t\t<div class=\"elementor-widget-container\">\n\t\t\t\r\n\r\n<div class=\"tpabout_area pt-120 pb-120\">\r\n    <div class=\"container\">\r\n        <div class=\"row\">\r\n            <div class=\"col-xl-6 col-lg-6 col-md-12 col-12 wow fadeInLeft  \" data-wow-duration=\".9s\"\r\n            data-wow-delay=\".5s\">\r\n                <div class=\"tpabout__section-title z-index  pb-40 \">\r\n                                        <div class=\"tp-section__subtitle mb-15 p-relative\">Beylerbeyi Turizm<\/div>\r\n                                        <h2 class=\"tp-section__title mb-40\">Yolculu\u011fun G\u00fcvencesi!<\/h2>                                                            <p>Beylerbeyi Turizm olarak misyonumuz, Ankara'da personel, \u00f6\u011frenci ve VIP ta\u015f\u0131mac\u0131l\u0131k hizmetlerinde g\u00fcvenli, konforlu ve zaman\u0131nda ula\u015f\u0131m sa\u011flayarak, m\u00fc\u015fteri memnuniyetini en \u00fcst seviyede tutmakt\u0131r. Profesyonel ekibimiz ve modern ara\u00e7 filomuzla, her yolculukta kalite ve g\u00fcveni sunmay\u0131 hedefliyoruz. <br>  <br>  <br> \nVizyonumuz, Ankara'da ta\u015f\u0131mac\u0131l\u0131k sekt\u00f6r\u00fcnde yenilik\u00e7i ve \u00f6nc\u00fc bir marka haline gelerek, personel, \u00f6\u011frenci ve VIP ta\u015f\u0131mac\u0131l\u0131k hizmetlerinde kalite standard\u0131n\u0131 y\u00fckseltmek ve m\u00fc\u015fteri memnuniyetinde lider konumda olmakt\u0131r. Amac\u0131m\u0131z, sekt\u00f6rde s\u00fcrd\u00fcr\u00fclebilir b\u00fcy\u00fcme sa\u011flayarak g\u00fcvenilir ve tercih edilen bir \u00e7\u00f6z\u00fcm orta\u011f\u0131 olmakt\u0131r. <br>  <br>  <br>  \nBeylerbeyi Turizm olarak 2009\u2019dan bu yana, geli\u015fen teknolojiye ve sekt\u00f6r\u00fcn de\u011fi\u015fen dinamiklerine ayak uydurarak, ara\u00e7 filomuzu s\u00fcrekli g\u00fcncel tutuyor ve m\u00fc\u015fterilerimize en kaliteli ula\u015f\u0131m deneyimini sunmak i\u00e7in \u00e7al\u0131\u015f\u0131yoruz. Geni\u015fleyen ara\u00e7 kapasitemiz ve deneyimli s\u00fcr\u00fcc\u00fc kadromuzla, i\u015f d\u00fcnyas\u0131ndan e\u011fitim kurumlar\u0131na kadar farkl\u0131 sekt\u00f6rlere g\u00fcvenli ve zaman\u0131nda ta\u015f\u0131mac\u0131l\u0131k hizmetleri sunuyoruz.<\/p>\r\n                                    <\/div>\r\n                <div class=\"tpabout__progress-bar mb-50 fix\">\r\n                                                        <\/div>\r\n                <div class=\"tpabout__btn-box\">\r\n                                                        <\/div>\r\n\r\n            <\/div>\r\n            <div class=\"col-xl-6 col-lg-6 col-md-12 col-12 wow fadeInRight  \" data-wow-duration=\".9s\" data-wow-delay=\".5s\">\r\n                <div class=\"tpabout__thumb-shape-2 p-relative\"\r\n                    data-parallax=\"{&quot;y&quot;: 100, &quot;smoothness&quot;: 100}\"\r\n                    style=\"transform:translate3d(0px, 36.768px, 0px) rotateX(0deg) rotateY(0deg) rotateZ(0deg) scaleX(1) scaleY(1) scaleZ(1); -webkit-transform:translate3d(0px, 36.768px, 0px) rotateX(0deg) rotateY(0deg) rotateZ(0deg) scaleX(1) scaleY(1) scaleZ(1); \">\r\n                                                        <\/div>\r\n                <div class=\"tpabout__wrap text-end p-relative\">\r\n                                        <div class=\"tpabout__lg-img \">\r\n                        <img decoding=\"async\" src=\"https:\/\/beylerbeyitur.com\/wp-content\/uploads\/2024\/09\/empty-bus-aisle-2023-11-27-04-52-05-utc-scaled.jpg\" alt=\"\">\r\n                    <\/div>\r\n                                                        <\/div>\r\n            <\/div>\r\n        <\/div>\r\n    <\/div>\r\n<\/div>\r\n\r\n\t\t<\/div>\n\t\t\t\t<\/div>\n\t\t\t\t\t<\/div>\n\t\t<\/div>\n\t\t\t\t\t<\/div>\n\t\t<\/section>\n\t\t\t\t<section class=\"elementor-section elementor-top-section elementor-element elementor-element-ba78865 elementor-section-full_width elementor-section-height-default elementor-section-height-default\" data-id=\"ba78865\" data-element_type=\"section\">\n\t\t\t\t\t\t<div class=\"elementor-container elementor-column-gap-no\">\n\t\t\t\t\t<div class=\"elementor-column elementor-col-100 elementor-top-column elementor-element elementor-element-9b32809\" data-id=\"9b32809\" data-element_type=\"column\">\n\t\t\t<div class=\"elementor-widget-wrap elementor-element-populated\">\n\t\t\t\t\t\t<section class=\"elementor-section elementor-inner-section elementor-element elementor-element-aa86bd1 elementor-section-boxed elementor-section-height-default elementor-section-height-default\" data-id=\"aa86bd1\" data-element_type=\"section\">\n\t\t\t\t\t\t<div class=\"elementor-container elementor-column-gap-default\">\n\t\t\t\t\t<div class=\"elementor-column elementor-col-100 elementor-inner-column elementor-element elementor-element-bc25991\" data-id=\"bc25991\" data-element_type=\"column\">\n\t\t\t<div class=\"elementor-widget-wrap elementor-element-populated\">\n\t\t\t\t\t\t<div class=\"elementor-element elementor-element-e235d7e elementor-widget elementor-widget-tp-heading\" data-id=\"e235d7e\" data-element_type=\"widget\" data-widget_type=\"tp-heading.default\">\n\t\t\t\t<div class=\"elementor-widget-container\">\n\t\t\t\r\n\r\n\t<div class=\"section-titcon-area ele-content-align\">\r\n\t\t<div class=\"tp-section__subtitle tp-section__subtitle-before mb-15 p-relative\">Bu zamana kadar..<\/div>\r\n\t\t<h2 class=\"tp-section__title mb-10\">Neler yapt\u0131k?<\/h2>\t<\/div>\r\n\r\n\t\t<\/div>\n\t\t\t\t<\/div>\n\t\t\t\t\t<\/div>\n\t\t<\/div>\n\t\t\t\t\t<\/div>\n\t\t<\/section>\n\t\t\t\t<section class=\"elementor-section elementor-inner-section elementor-element elementor-element-ee096f6 elementor-section-boxed elementor-section-height-default elementor-section-height-default\" data-id=\"ee096f6\" data-element_type=\"section\">\n\t\t\t\t\t\t<div class=\"elementor-container elementor-column-gap-default\">\n\t\t\t\t\t<div class=\"elementor-column elementor-col-100 elementor-inner-column elementor-element elementor-element-28c6ce4\" data-id=\"28c6ce4\" data-element_type=\"column\">\n\t\t\t<div class=\"elementor-widget-wrap elementor-element-populated\">\n\t\t\t\t\t\t<div class=\"elementor-element elementor-element-a14db4c elementor-widget elementor-widget-tp-fact\" data-id=\"a14db4c\" data-element_type=\"widget\" data-widget_type=\"tp-fact.default\">\n\t\t\t\t<div class=\"elementor-widget-container\">\n\t\t\t\r\n\r\n    <section class=\"fun-fact-3 black-bg tp-el-section\">\r\n        <div class=\"container\">\r\n            <div class=\"row\">\r\n\r\n                                    \r\n                <div class=\"col-xl-3 col-lg-6 col-md-6 col-12\">\r\n\r\n                                        <div class=\"tp-counter-3__item z-index-1 p-relative mb-40\">\r\n                    \r\n                                                                                <span><i aria-hidden=\"true\" class=\"tp flaticon-truck-1\"><\/i><\/span>\r\n                                                    \r\n                                                <h2><span class=\"counter\">18<\/span><\/h2>\r\n                        \r\n                                                \r\n                                                <h4 class=\"tp-counter-3-title-3\">Servis A\u011f\u0131<\/h4>\r\n                                                \r\n                    <\/div>\r\n                <\/div>\r\n                                    \r\n                <div class=\"col-xl-3 col-lg-6 col-md-6 col-12\">\r\n\r\n                                        <div class=\"tp-counter-3__item z-index-1 p-relative mb-40\">\r\n                    \r\n                                                                                <span><i aria-hidden=\"true\" class=\"tp flaticon-teamwork\"><\/i><\/span>\r\n                                                    \r\n                                                <h2><span class=\"counter\">26<\/span><\/h2>\r\n                        \r\n                                                \r\n                                                <h4 class=\"tp-counter-3-title-3\">\u00c7al\u0131\u015fma Arkada\u015f\u0131<\/h4>\r\n                                                \r\n                    <\/div>\r\n                <\/div>\r\n                                    \r\n                <div class=\"col-xl-3 col-lg-6 col-md-6 col-12\">\r\n\r\n                                        <div class=\"tp-counter-3__item z-index-1 p-relative mb-40\">\r\n                    \r\n                                                                                <span><i aria-hidden=\"true\" class=\"tp flaticon-badge\"><\/i><\/span>\r\n                                                    \r\n                                                <h2><span class=\"counter\">212<\/span><\/h2>\r\n                        \r\n                                                \r\n                                                <h4 class=\"tp-counter-3-title-3\">S\u00f6zle\u015fme<\/h4>\r\n                                                \r\n                    <\/div>\r\n                <\/div>\r\n                                    \r\n                <div class=\"col-xl-3 col-lg-6 col-md-6 col-12\">\r\n\r\n                                        <div class=\"tp-counter-3__item z-index-1 p-relative mb-40\">\r\n                    \r\n                                                                                <span><i aria-hidden=\"true\" class=\"fal fa-bars\"><\/i><\/span>\r\n                                                    \r\n                                                <h2><span class=\"counter\">140000<\/span><\/h2>\r\n                        \r\n                                                <b>%<\/b>\r\n                                                \r\n                                                <h4 class=\"tp-counter-3-title-3\">Km.<\/h4>\r\n                                                \r\n                    <\/div>\r\n                <\/div>\r\n                \r\n            <\/div>\r\n        <\/div>\r\n    <\/section>\r\n\r\n\t\t<\/div>\n\t\t\t\t<\/div>\n\t\t\t\t\t<\/div>\n\t\t<\/div>\n\t\t\t\t\t<\/div>\n\t\t<\/section>\n\t\t\t\t<div class=\"elementor-element elementor-element-4df8507 elementor-widget elementor-widget-tp-heading\" data-id=\"4df8507\" data-element_type=\"widget\" data-widget_type=\"tp-heading.default\">\n\t\t\t\t<div class=\"elementor-widget-container\">\n\t\t\t\r\n\r\n<div class=\"section-titcon-area ele-content-align\">\r\n\t\t\t<div class=\"tp-section__subtitle mb-15 p-relative wow fadeInUp  \" data-wow-duration=\".9s\" data-wow-delay=\".3s\">Beylerbeyi Turizm<\/div>\r\n\t\t<h2 class=\"tp-section__title wow fadeInUp\" data-wow-duration=\".9s\" data-wow-delay=\".5s\">Hizmetlerimiz<\/h2>\t<\/div>\r\n\r\n\t\t<\/div>\n\t\t\t\t<\/div>\n\t\t\t\t<div class=\"elementor-element elementor-element-04ea811 elementor-widget elementor-widget-project\" data-id=\"04ea811\" data-element_type=\"widget\" data-widget_type=\"project.default\">\n\t\t\t\t<div class=\"elementor-widget-container\">\n\t\t\t\r\n\r\n<section class=\"process-area fix\">\r\n    <div class=\"container-fluid p-0\">\r\n        <div class=\"process-active swiper-container g-0\">\r\n            <div class=\"swiper-wrapper\">\r\n\r\n                                <div class=\" swiper-slide\">\r\n                    <div class=\"tp-process__item p-relative\">\r\n                                                <div class=\"tp-process__thumb\">\r\n                            <img decoding=\"async\" class=\"w-100\" src=\"https:\/\/beylerbeyitur.com\/wp-content\/uploads\/2024\/09\/driver-helps-a-business-couple-carry-their-suitcas-2023-11-27-05-34-13-utc.jpg\" alt=\"\">\r\n                        <\/div>\r\n                                                <div class=\"tp-process__content \">\r\n                                                        <div class=\"icon text-end\">\r\n                                <a href=\"https:\/\/beylerbeyitur.com\/index.php\/ogrenci-tasimaciligi\/\"><i class=\"fa-sharp fa-solid fa-arrow-right\"><\/i><\/a>\r\n                            <\/div>\r\n                            \r\n                            <div class=\"designation \">\r\n                                                                <span>Beylerbeyi<\/span>\r\n                                                                                                <h3 class=\"title-2\">\r\n                                                                        <a href=\"https:\/\/beylerbeyitur.com\/index.php\/ogrenci-tasimaciligi\/\">V\u0130P Transfer Hizmeti<\/a>\r\n                                                                    <\/h3>\r\n                                                            <\/div>\r\n\r\n                        <\/div>\r\n                    <\/div>\r\n                <\/div>\r\n                                <div class=\" swiper-slide\">\r\n                    <div class=\"tp-process__item p-relative\">\r\n                                                <div class=\"tp-process__thumb\">\r\n                            <img decoding=\"async\" class=\"w-100\" src=\"https:\/\/beylerbeyitur.com\/wp-content\/uploads\/2024\/09\/intercity-passenger-bus-driving-on-highway-road-in-2023-11-27-05-00-11-utc-scaled.jpg\" alt=\"\">\r\n                        <\/div>\r\n                                                <div class=\"tp-process__content \">\r\n                                                        <div class=\"icon text-end\">\r\n                                <a href=\"#\"><i class=\"fa-sharp fa-solid fa-arrow-right\"><\/i><\/a>\r\n                            <\/div>\r\n                            \r\n                            <div class=\"designation \">\r\n                                                                <span>Beylerbeyi<\/span>\r\n                                                                                                <h3 class=\"title-2\">\r\n                                                                        <a href=\"#\">Tur Ve Organizasyon Ta\u015f\u0131mac\u0131l\u0131\u011f\u0131<\/a>\r\n                                                                    <\/h3>\r\n                                                            <\/div>\r\n\r\n                        <\/div>\r\n                    <\/div>\r\n                <\/div>\r\n                                <div class=\" swiper-slide\">\r\n                    <div class=\"tp-process__item p-relative\">\r\n                                                <div class=\"tp-process__thumb\">\r\n                            <img decoding=\"async\" class=\"w-100\" src=\"https:\/\/beylerbeyitur.com\/wp-content\/uploads\/2024\/09\/bus-driver-and-the-transportation-business-problem-2023-11-27-05-24-17-utc-scaled.jpg\" alt=\"\">\r\n                        <\/div>\r\n                                                <div class=\"tp-process__content \">\r\n                                                        <div class=\"icon text-end\">\r\n                                <a href=\"https:\/\/beylerbeyitur.com\/index.php\/ogrenci-tasimaciligi\/\"><i class=\"fa-sharp fa-solid fa-arrow-right\"><\/i><\/a>\r\n                            <\/div>\r\n                            \r\n                            <div class=\"designation \">\r\n                                                                <span>Beylerbeyi<\/span>\r\n                                                                                                <h3 class=\"title-2\">\r\n                                                                        <a href=\"https:\/\/beylerbeyitur.com\/index.php\/ogrenci-tasimaciligi\/\">Personel Ta\u015f\u0131ma Hizmeti<\/a>\r\n                                                                    <\/h3>\r\n                                                            <\/div>\r\n\r\n                        <\/div>\r\n                    <\/div>\r\n                <\/div>\r\n                                <div class=\" swiper-slide\">\r\n                    <div class=\"tp-process__item p-relative\">\r\n                                                <div class=\"tp-process__thumb\">\r\n                            <img decoding=\"async\" class=\"w-100\" src=\"https:\/\/beylerbeyitur.com\/wp-content\/uploads\/2024\/09\/young-smiling-tourists-with-rucksacks-walking-into-2023-11-27-05-11-32-utc-scaled.jpg\" alt=\"\">\r\n                        <\/div>\r\n                                                <div class=\"tp-process__content \">\r\n                                                        <div class=\"icon text-end\">\r\n                                <a href=\"https:\/\/beylerbeyitur.com\/index.php\/ogrenci-tasimaciligi\/\"><i class=\"fa-sharp fa-solid fa-arrow-right\"><\/i><\/a>\r\n                            <\/div>\r\n                            \r\n                            <div class=\"designation \">\r\n                                                                <span>Beylerbeyi<\/span>\r\n                                                                                                <h3 class=\"title-2\">\r\n                                                                        <a href=\"https:\/\/beylerbeyitur.com\/index.php\/ogrenci-tasimaciligi\/\">\u00d6\u011frenci Ta\u015f\u0131ma Hizmeti<\/a>\r\n                                                                    <\/h3>\r\n                                                            <\/div>\r\n\r\n                        <\/div>\r\n                    <\/div>\r\n                <\/div>\r\n                \r\n            <\/div>\r\n        <\/div>\r\n    <\/div>\r\n<\/section>\r\n\r\n\t\t<\/div>\n\t\t\t\t<\/div>\n\t\t\t\t\t<\/div>\n\t\t<\/div>\n\t\t\t\t\t<\/div>\n\t\t<\/section>\n\t\t\t\t<section class=\"elementor-section elementor-top-section elementor-element elementor-element-a59c12f elementor-section-full_width elementor-section-height-default elementor-section-height-default\" data-id=\"a59c12f\" data-element_type=\"section\">\n\t\t\t\t\t\t<div class=\"elementor-container elementor-column-gap-no\">\n\t\t\t\t\t<div class=\"elementor-column elementor-col-100 elementor-top-column elementor-element elementor-element-fa6af60\" data-id=\"fa6af60\" data-element_type=\"column\">\n\t\t\t<div class=\"elementor-widget-wrap elementor-element-populated\">\n\t\t\t\t\t\t<div class=\"elementor-element elementor-element-cd9b9d2 elementor-widget elementor-widget-tp-cta\" data-id=\"cd9b9d2\" data-element_type=\"widget\" data-widget_type=\"tp-cta.default\">\n\t\t\t\t<div class=\"elementor-widget-container\">\n\t\t\t\r\n\r\n\r\n   <div class=\"cta-area-2 theme-color-2 pt-60 pb-60 p-relative fix\">\r\n      <div class=\"tp-cta__lg-circel\">\r\n         <img decoding=\"async\" src=\"https:\/\/beylerbeyitur.com\/wp-content\/themes\/portx\/assets\/img\/blog\/lg-circel.png\" alt=\"\">\r\n      <\/div>\r\n      <div class=\"tp-cta__sm-circel\">\r\n         <img decoding=\"async\" src=\"https:\/\/beylerbeyitur.com\/wp-content\/themes\/portx\/assets\/img\/blog\/circel.png\" alt=\"\">\r\n      <\/div>\r\n      <div class=\"tp-cta__shap-3 wow slideInLeft   \">\r\n         <img decoding=\"async\" src=\"https:\/\/beylerbeyitur.com\/wp-content\/themes\/portx\/assets\/img\/cta\/cta-shap-3.png\" alt=\"\">\r\n      <\/div>\r\n      <div class=\"container\">\r\n         <div class=\"row align-items-center\">\r\n            <div class=\"col-xl-9 col-lg-8\">\r\n               <div class=\"tp-cta-2\">\r\n                  <div class=\"tp-cta__content wow fadeInUp   text-center text-lg-start\" data-wow-duration=\".9s\"\r\n                     data-wow-delay=\".5s\">\r\n                           <h2 class=\"tp-cta-title-2\">\u0130htiyac\u0131n\u0131za \u00f6zel \u00e7\u00f6z\u00fcmler i\u00e7in <br> teklif al\u0131n<\/h2>                  <\/div>\r\n               <\/div>\r\n            <\/div>\r\n                        <div class=\"col-xl-3 col-lg-4\">\r\n               <div class=\"tp-cta-2__btn text-center text-lg-start pt-20\">\r\n                  <div class=\"tp-cta-2__btn wow fadeInUp  \" data-wow-duration=\".9s\" data-wow-delay=\".7s\">\r\n                    <a href=\"https:\/\/beylerbeyitur.com\/index.php\/iletisim\/\" target=\"_self\" rel=\"nofollow\" class=\"tp-btn-white\">Teklif Al<\/a>\r\n                  <\/div>\r\n               <\/div>\r\n            <\/div>\r\n                     <\/div>\r\n      <\/div>\r\n   <\/div>\r\n\r\n\r\n\t\t<\/div>\n\t\t\t\t<\/div>\n\t\t\t\t\t<\/div>\n\t\t<\/div>\n\t\t\t\t\t<\/div>\n\t\t<\/section>\n\t\t\t\t<\/div>\n\t\t","protected":false},"excerpt":{"rendered":"<p>Beylerbeyi Turizm Yolculu\u011fun G\u00fcvencesi! Beylerbeyi Turizm olarak misyonumuz, Ankara&#8217;da personel, \u00f6\u011frenci ve VIP ta\u015f\u0131mac\u0131l\u0131k hizmetlerinde g\u00fcvenli, konforlu ve zaman\u0131nda ula\u015f\u0131m sa\u011flayarak, m\u00fc\u015fteri memnuniyetini en \u00fcst seviyede tutmakt\u0131r. Profesyonel ekibimiz ve modern ara\u00e7 filomuzla, her yolculukta kalite ve g\u00fcveni sunmay\u0131 hedefliyoruz. Vizyonumuz, Ankara&#8217;da ta\u015f\u0131mac\u0131l\u0131k sekt\u00f6r\u00fcnde yenilik\u00e7i ve \u00f6nc\u00fc bir marka haline gelerek, personel, \u00f6\u011frenci ve VIP [&hellip;]<\/p>\n","protected":false},"author":1,"featured_media":0,"parent":0,"menu_order":0,"comment_status":"closed","ping_status":"closed","template":"elementor_header_footer","meta":{"_monsterinsights_skip_tracking":false,"_monsterinsights_sitenote_active":false,"_monsterinsights_sitenote_note":"","_monsterinsights_sitenote_category":0,"footnotes":""},"class_list":["post-25","page","type-page","status-publish","hentry"],"_links":{"self":[{"href":"https:\/\/beylerbeyitur.com\/index.php\/wp-json\/wp\/v2\/pages\/25","targetHints":{"allow":["GET"]}}],"collection":[{"href":"https:\/\/beylerbeyitur.com\/index.php\/wp-json\/wp\/v2\/pages"}],"about":[{"href":"https:\/\/beylerbeyitur.com\/index.php\/wp-json\/wp\/v2\/types\/page"}],"author":[{"embeddable":true,"href":"https:\/\/beylerbeyitur.com\/index.php\/wp-json\/wp\/v2\/users\/1"}],"replies":[{"embeddable":true,"href":"https:\/\/beylerbeyitur.com\/index.php\/wp-json\/wp\/v2\/comments?post=25"}],"version-history":[{"count":61,"href":"https:\/\/beylerbeyitur.com\/index.php\/wp-json\/wp\/v2\/pages\/25\/revisions"}],"predecessor-version":[{"id":1470,"href":"https:\/\/beylerbeyitur.com\/index.php\/wp-json\/wp\/v2\/pages\/25\/revisions\/1470"}],"wp:attachment":[{"href":"https:\/\/beylerbeyitur.com\/index.php\/wp-json\/wp\/v2\/media?parent=25"}],"curies":[{"name":"wp","href":"https:\/\/api.w.org\/{rel}","templated":true}]}}